{"id":1056,"date":"2017-03-22T20:25:08","date_gmt":"2017-03-22T19:25:08","guid":{"rendered":"http:\/\/laoliva.nl\/la-oliva-pintxos-y-vinos\/"},"modified":"2024-04-25T09:50:07","modified_gmt":"2024-04-25T07:50:07","slug":"la-oliva-pintxos-y-vinos","status":"publish","type":"page","link":"https:\/\/laoliva.nl\/es\/la-oliva-pintxos-y-vinos\/","title":{"rendered":"La Oliva"},"content":{"rendered":"<div class=\"wpb-content-wrapper\">[vc_row full_width=&#8221;stretch_row&#8221; full_height=&#8221;yes&#8221; css=&#8221;.vc_custom_1490275738941{background-image: url(https:\/\/laoliva.nl\/wp-content\/uploads\/2017\/01\/3675-laoliva.jpg?id=488) !important;}&#8221; el_class=&#8221;bg-fixed&#8221;][vc_column]<div class=\"vcex-shortcode wpex-clr\"><a class=\"local-scroll\" href=\"#contentarrow\"><div id=\"ep-arrow\"><div id=\"temp-id\"  style=\"font-size:50px; color: #989000; animation-duration:1.5s; margin-left: -25px; \" data-duration_time=\"10000\" data-scrolling=\"true\" data-disable_duration=\"false\" data-disable_bouncing=\"false\" class=\"echo-content-down-arrow epda-icon-arrow-sharp temp-class bounce-effect-3 \"><\/div><\/div><\/a><\/div>[\/vc_column][\/vc_row][vc_row full_width=&#8221;stretch_row&#8221; css=&#8221;.vc_custom_1490265653715{padding-top: 30px !important;background-position: 0 0 !important;background-repeat: no-repeat !important;}&#8221; local_scroll_id=&#8221;contentarrow&#8221;][vc_column width=&#8221;1\/6&#8243;][\/vc_column][vc_column width=&#8221;2\/3&#8243;][vc_column_text]\n<h1>Restaurante La Oliva<br \/>\nCocina Cantabria-Vasca<\/h1>\n<p>Restaurante La Oliva Cocina Cantabria-Vasca La Oliva tiene la mezcla perfecta de ingredientes para asegurar una maravillosa velada gastron\u00f3mica, como vivir la vida loca Espa\u00f1ola. Pintxos y deliciosos platos de la cocina espa\u00f1ola del norte son la base verdadera de un concepto culinario \u00fanico en el coraz\u00f3n del distrito de Jordaan, un concepto que colorear\u00e1 su noche con una amplia gama de maravillosos vinos espa\u00f1oles y que se siente fuertemente la hospitalidad y enfoque personal. Todo es sobre la cocina espa\u00f1ola del norte, presentada a usted por Pintxos y algunas buenas entradas y platos principales.<\/p>\n<p>La Oliva le da la bienvenida todos los d\u00edas a partir de las 12 horas con pintxos y una buena variedad de platos para el almuerzo; Tortillas caseras, ensaladas, Pata Negra y mucho m\u00e1s &#8230;<\/p>\n<p><strong>\u00bfQu\u00e9 son Pintxos?<\/strong><\/p>\n<p>Un peque\u00f1o pero sabroso y bien decorado pedazo de pan, tartelette, pasteler\u00eda o crostini. En resumen: una obra maestra culinaria fusionada en una peque\u00f1a mordida. Una vez un sabroso bocadillo sea degustado en el bar en combinaci\u00f3n con una bebida, se ha convertido en uno de los m\u00e1s culinarios conceptos de todos los tiempos. En el sur de Francia y el norte de Espa\u00f1a pintxos ya han abrumado e incluso reemplazado las conocidas tapas. Pintxos son la forma ideal, agradable y casual para satisfacer los deseos gastron\u00f3micos de sus hu\u00e9spedes.<\/p>\n<p>A partir de las 18.00 horas nuestra cocina est\u00e1 preparada para ofrecerle algunos maravillosos aperitivos y platos principales del norte de Espa\u00f1a.<\/p>\n<p><strong>La Oliva\u00ae est\u00e1 abierto:<\/strong><br \/>\nLun a Dom de 12:00 a 22:00<\/p>\n<p>Comenzamos a servir Pintxos a las 17.00<br \/>\nNuestro creativo men\u00fa a la carta es suyo desde las 18.00 de la noche<\/p>\n<p>Yvette Barents y el chef Alfredo Hoz Castillo ofrecen a sus hu\u00e9spedes una c\u00e1lida bienvenida![\/vc_column_text][\/vc_column][vc_column width=&#8221;1\/6&#8243;][\/vc_column][\/vc_row][vc_row full_width=&#8221;stretch_row&#8221; wpex_bg_overlay=&#8221;color&#8221; css=&#8221;.vc_custom_1490275746578{background-image: url(https:\/\/laoliva.nl\/wp-content\/uploads\/2017\/01\/3566-laoliva-1.jpg?id=499) !important;}&#8221; el_class=&#8221;bg-fixed&#8221; min_height=&#8221;350px&#8221; wpex_bg_overlay_color=&#8221;#000000&#8243; wpex_bg_overlay_opacity=&#8221;0.35&#8243;][vc_column][vc_row_inner css=&#8221;.vc_custom_1486045995120{padding-top: 30px !important;}&#8221;][vc_column_inner width=&#8221;1\/6&#8243;][\/vc_column_inner][vc_column_inner el_class=&#8221;reserveren-background&#8221; width=&#8221;2\/3&#8243; css=&#8221;.vc_custom_1486021544773{padding-top: 20px !important;padding-right: 40px !important;padding-bottom: 50px !important;padding-left: 40px !important;border-radius: 10px !important;}&#8221;][vc_column_text text_align=&#8221;center&#8221; font_weight=&#8221;200&#8243; css=&#8221;.vc_custom_1492067364575{padding-bottom: 25px !important;}&#8221; color=&#8221;#f4f4f4&#8243; font_family=&#8221;Roboto&#8221;]\n<h5>Reservaciones<\/h5>\n[\/vc_column_text][vc_column_text css=&#8221;.vc_custom_1492067377611{padding-bottom: 45px !important;}&#8221; font_size=&#8221;20px&#8221; color=&#8221;#f4f4f4&#8243;]\n<p style=\"text-align: center;\">Recomendamos encarecidamente reservar su mesa en el restaurante La Oliva. Al recibir su reserva, consideramos su llegada y le daremos la bienvenida con una mesa de cena pulcramente colocada.<\/p>\n[\/vc_column_text]<div class=\"theme-button-wrap textcenter wpex-clr\"><a href=\"\/es\/reserva\/\" class=\"vcex-button theme-button medium align-center inline\" style=\"border-radius:5px;\"><span class=\"vcex-button-inner theme-button-inner\">Reservaci\u00f3n en l\u00ednea<\/span><\/a><\/div> [\/vc_column_inner][vc_column_inner width=&#8221;1\/6&#8243;][\/vc_column_inner][\/vc_row_inner][\/vc_column][\/vc_row]\n<\/div>","protected":false},"excerpt":{"rendered":"<p>[vc_row full_width=&#8221;stretch_row&#8221; full_height=&#8221;yes&#8221; css=&#8221;.vc_custom_1490275738941{background-image: url(https:\/\/laoliva.nl\/wp-content\/uploads\/2017\/01\/3675-laoliva.jpg?id=488) !important;}&#8221; el_class=&#8221;bg-fixed&#8221;][vc_column][\/vc_column][\/vc_row][vc_row full_width=&#8221;stretch_row&#8221; css=&#8221;.vc_custom_1490265653715{padding-top: 30px !important;background-position: 0 0 !important;background-repeat: no-repeat !important;}&#8221; local_scroll_id=&#8221;contentarrow&#8221;][vc_column width=&#8221;1\/6&#8243;][\/vc_column][vc_column width=&#8221;2\/3&#8243;][vc_column_text] Restaurante La Oliva Cocina Cantabria-Vasca Restaurante La Oliva Cocina Cantabria-Vasca La Oliva tiene la mezcla perfecta de ingredientes para asegurar una maravillosa velada gastron\u00f3mica, como vivir la vida loca Espa\u00f1ola. Pintxos y deliciosos platos de la&hellip;<\/p>\n","protected":false},"author":1,"featured_media":0,"parent":0,"menu_order":0,"comment_status":"closed","ping_status":"closed","template":"","meta":{"footnotes":""},"class_list":["post-1056","page","type-page","status-publish","hentry","entry","no-media"],"_links":{"self":[{"href":"https:\/\/laoliva.nl\/es\/wp-json\/wp\/v2\/pages\/1056","targetHints":{"allow":["GET"]}}],"collection":[{"href":"https:\/\/laoliva.nl\/es\/wp-json\/wp\/v2\/pages"}],"about":[{"href":"https:\/\/laoliva.nl\/es\/wp-json\/wp\/v2\/types\/page"}],"author":[{"embeddable":true,"href":"https:\/\/laoliva.nl\/es\/wp-json\/wp\/v2\/users\/1"}],"replies":[{"embeddable":true,"href":"https:\/\/laoliva.nl\/es\/wp-json\/wp\/v2\/comments?post=1056"}],"version-history":[{"count":5,"href":"https:\/\/laoliva.nl\/es\/wp-json\/wp\/v2\/pages\/1056\/revisions"}],"predecessor-version":[{"id":3554,"href":"https:\/\/laoliva.nl\/es\/wp-json\/wp\/v2\/pages\/1056\/revisions\/3554"}],"wp:attachment":[{"href":"https:\/\/laoliva.nl\/es\/wp-json\/wp\/v2\/media?parent=1056"}],"curies":[{"name":"wp","href":"https:\/\/api.w.org\/{rel}","templated":true}]}}