{"id":1082,"date":"2017-02-03T07:53:57","date_gmt":"2017-02-03T07:53:57","guid":{"rendered":"http:\/\/laoliva.nl\/wines\/"},"modified":"2026-03-12T11:27:53","modified_gmt":"2026-03-12T10:27:53","slug":"vinos","status":"publish","type":"page","link":"https:\/\/laoliva.nl\/es\/vinos\/","title":{"rendered":"Vinos"},"content":{"rendered":"<div class=\"wpb-content-wrapper\">[vc_row full_width=&#8221;stretch_row&#8221; full_height=&#8221;yes&#8221; el_class=&#8221;bg-fixed&#8221; css=&#8221;.vc_custom_1490275945019{background-image: url(https:\/\/laoliva.nl\/wp-content\/uploads\/2017\/01\/3591-laoliva.jpg?id=486) !important;}&#8221;][vc_column]<div class=\"vcex-shortcode wpex-clr\"><a class=\"local-scroll\" href=\"#contentarrow\"><div id=\"ep-arrow\"><div id=\"temp-id\"  style=\"font-size:50px; color: #989000; animation-duration:1.5s; margin-left: -25px; \" data-duration_time=\"10000\" data-scrolling=\"true\" data-disable_duration=\"false\" data-disable_bouncing=\"false\" class=\"echo-content-down-arrow epda-icon-arrow-sharp temp-class bounce-effect-3 \"><\/div><\/div><\/a><\/div>[\/vc_column][\/vc_row][vc_row local_scroll_id=&#8221;contentarrow&#8221;][vc_column width=&#8221;1\/2&#8243;]<div class=\"vcex-spacing wpex-w-100 wpex-clear\" style=\"height:55px;\"><\/div>[vc_single_image image=&#8221;681&#8243; img_size=&#8221;560&#215;370&#8243;][\/vc_column][vc_column width=&#8221;1\/2&#8243;]<div class=\"vcex-spacing wpex-w-100 wpex-clear\" style=\"height:50px;\"><\/div>[vc_column_text]\n<h1>Los vinos de La Oliva<\/h1>\n<p>En La Oliva no solo nos preocupamos de la calidad de nuestros productos, sino tambien de la historia interesante que hay detras de nuestra oferta. De como hemos hecho nuestra carta de vinos visitando diferentes bodegas y probando hemos decido trabajar con Cava Barcelona, Verbunt, De Gouden Ton, Spanish y Wijnimport Bart.<\/p>\n<p class=\"p1\"><span class=\"s1\">\u00a0La Oliva ofrece una amplia y variada carta de vinos de diferentes regiones de Espa\u00f1a. Nuestros vinos est\u00e1n meticulosamente seleccionados lo que nos permite ofrecer una gama selecta.<\/span><\/p>\n<p class=\"p1\">Salut!<\/p>\n[\/vc_column_text][\/vc_column][\/vc_row][vc_row full_width=&#8221;stretch_row&#8221; css=&#8221;.vc_custom_1490265589934{background-position: 0 0 !important;background-repeat: no-repeat !important;}&#8221; local_scroll_id=&#8221;contentarrow&#8221;][vc_column width=&#8221;1\/2&#8243; css=&#8221;.vc_custom_1486109872985{padding-top: 30px !important;}&#8221;]<style>.vcex-heading.vcex_69eeeba25a7d8{font-size:25px;}<\/style><h3 class=\"vcex-heading vcex-heading-plain vcex-module wpex-heading wpex-text-2xl vcex_69eeeba25a7d8\"><span class=\"vcex-heading-inner wpex-inline-block\">Cava<\/span><\/h3><div class=\"vcex-shortcode wpex-clr\">\n<table id=\"tablepress-19\" class=\"tablepress tablepress-id-19\">\n<tbody>\n<tr class=\"row-1\">\n\t<td class=\"column-1\"><strong>Pened\u00e8s: Giro Ribot - Brut Reserva<\/strong><br \/>\n<em>Deze 24 maanden gerijpte cava van de druivensoorten Macabeo, Xarello en<br \/>\nParellada heeft een heerlijke, friszachte afdronk. Tonen van gekonfijt fruit<br \/>\nen appel met een verfijnde bubbel. Prachtig bij pintxos.<\/em>\t<br \/>\n<\/td><td class=\"column-2\">7,50 (glas)<br \/>\n41,00 (fles)<\/td>\n<\/tr>\n<tr class=\"row-2\">\n\t<td class=\"column-1\"><strong>Pened\u00e8s: Palau - Ros\u00e9<\/strong><br \/>\n<em>Deze zeer lichtgekleurde cava is gemaakt van 100% Trepat. De smaak is fris<br \/>\nFruitig met een boeket van kersen, zwarte bessen, framboos en rijpe pruimen. <br \/>\nIdeaal als aperitief en bij voorgerechten.<br \/>\n<\/em>\t<br \/>\n<\/td><td class=\"column-2\">7,75 (glas)<br \/>\n42,50 (fles)<\/td>\n<\/tr>\n<tr class=\"row-3\">\n\t<td class=\"column-1\"><strong>Pened\u00e8s: Nadal - Salvatge<\/strong> \t\t\t\t\t\t\t\t\t<br \/>\n<em>Kleine, fijne belletjes met een intens frisse geur van citrus en exotisch fruit. Lichtgeel van kleur met groenachtige reflecties. Een zeer volwassen, fantastiche cava.<\/em>\t\t<br \/>\n<\/td><td class=\"column-2\">70,00 (fles)<\/td>\n<\/tr>\n<\/tbody>\n<\/table>\n<!-- #tablepress-19 from cache --><\/div><style>.vcex-heading.vcex_69eeeba25c4e5{font-size:25px;}<\/style><h3 class=\"vcex-heading vcex-heading-plain vcex-module wpex-heading wpex-text-2xl vcex_69eeeba25c4e5\"><span class=\"vcex-heading-inner wpex-inline-block\">Vermouth<\/span><\/h3><div class=\"vcex-shortcode wpex-clr\">\n<table id=\"tablepress-20\" class=\"tablepress tablepress-id-20\">\n<tbody>\n<tr class=\"row-1\">\n\t<td class=\"column-1\"><strong>Rueda: Vermouth 61 \u2013 Blanco - Verdejo<\/strong><br \/>\n<em>Witte vermout met een schijfje citroen.<\/em>\t<br \/>\n<\/td><td class=\"column-2\">8,50 (glas)<\/td>\n<\/tr>\n<tr class=\"row-2\">\n\t<td class=\"column-1\"><strong>Castilla y Leon: Vermouth 61 \u2013 Tinto - Tempranillo<\/strong><br \/>\n<em>Rode vermout met een schijfje sinaasappel &amp; angostura<\/em>\t<br \/>\n<\/td><td class=\"column-2\">8,50 (glas)<\/td>\n<\/tr>\n<\/tbody>\n<\/table>\n<!-- #tablepress-20 from cache --><\/div><style>.vcex-heading.vcex_69eeeba25d26f{font-size:25px;}<\/style><h3 class=\"vcex-heading vcex-heading-plain vcex-module wpex-heading wpex-text-2xl vcex_69eeeba25d26f\"><span class=\"vcex-heading-inner wpex-inline-block\">Cerveza embotellada<\/span><\/h3><div class=\"vcex-shortcode wpex-clr\">\n<table id=\"tablepress-21\" class=\"tablepress tablepress-id-21\">\n<tbody>\n<tr class=\"row-1\">\n\t<td class=\"column-1\"><strong>1906 Reserva Especial Estrella Galicia<\/strong><br \/>\n<em>Blond bockbier met de smaak van geroosterde mout, elegant, 6,5%<\/em>\t<br \/>\n<\/td><td class=\"column-2\">8,50<\/td>\n<\/tr>\n<tr class=\"row-2\">\n\t<td class=\"column-1\"><strong>Vedett Extra Ordinary IPA<\/strong><br \/>\n<em>Verfrissend van smaak met de juiste bitterheid, 6%<\/em>\t<br \/>\n<\/td><td class=\"column-2\">6,50<\/td>\n<\/tr>\n<tr class=\"row-3\">\n\t<td class=\"column-1\"><strong>Leffe blond 0.0%, abdijbier<\/strong> \t\t\t\t\t\t\t\t\t<br \/>\n<em>Fruitige smaak met bitters en tegelijkertijd met de smaak van kruidnagel &amp; vanille <\/em>\t\t<br \/>\n<\/td><td class=\"column-2\">6,00<\/td>\n<\/tr>\n<\/tbody>\n<\/table>\n<!-- #tablepress-21 from cache --><\/div><style>.vcex-heading.vcex_69eeeba25e150{font-size:25px;}<\/style><h3 class=\"vcex-heading vcex-heading-plain vcex-module wpex-heading wpex-text-2xl vcex_69eeeba25e150\"><span class=\"vcex-heading-inner wpex-inline-block\">Cocktails<\/span><\/h3><div class=\"vcex-shortcode wpex-clr\">\n<table id=\"tablepress-22\" class=\"tablepress tablepress-id-22\">\n<tbody>\n<tr class=\"row-1\">\n\t<td class=\"column-1\"><strong>Aperol Spritz <\/strong><br \/>\n<em>Aperol, cava, bruiswater, ijs &amp; sinaasappel<\/em>\t<br \/>\n<\/td><td class=\"column-2\">10,00<\/td>\n<\/tr>\n<tr class=\"row-2\">\n\t<td class=\"column-1\"><strong>Gin &amp; Tonic &amp; Cocktails <\/strong><br \/>\n<em>Vraag naar de Gin &amp; Tonic en Cocktail kaart! <\/em>\t<br \/>\n<\/td><td class=\"column-2\"><\/td>\n<\/tr>\n<\/tbody>\n<\/table>\n<!-- #tablepress-22 from cache --><\/div><style>.vcex-heading.vcex_69eeeba25f08c{font-size:25px;}<\/style><h3 class=\"vcex-heading vcex-heading-plain vcex-module wpex-heading wpex-text-2xl vcex_69eeeba25f08c\"><span class=\"vcex-heading-inner wpex-inline-block\">Blanco<\/span><\/h3><div class=\"vcex-shortcode wpex-clr\">\n<table id=\"tablepress-24\" class=\"tablepress tablepress-id-24\">\n<tbody>\n<tr class=\"row-1\">\n\t<td class=\"column-1\"><strong>Rioja: Ondalan \u2013 Malvasia-Viura<\/strong><br \/>\n<em>Mooie aromas in de neus ananas en witte bloemen met een hint van anijs.<br \/>\nAangename frisheid met lichte grassige en ziltige mineralen. Fijne afdronk<br \/>\n<\/em><br \/>\n<\/td><td class=\"column-2\">6,75 (glas)<br \/>\n37,00 (fles)<\/td>\n<\/tr>\n<tr class=\"row-2\">\n\t<td class=\"column-1\"><strong>Rueda: Desacato \u2013 Verdejo <\/strong><br \/>\n<em>Zuivere, fijne wijn, in de neus krachtig, fris en perfect in balans. <br \/>\nUitgesproken fruitige en mineralige aroma\u2019s die typisch zijn voor de Verdejo <br \/>\n(kruisbessen, perzik en venkel). Heeft een heerlijk lange afdronk<\/em> <br \/>\n<\/td><td class=\"column-2\">7,25 (glas)<br \/>\n39,50 (fles)<\/td>\n<\/tr>\n<tr class=\"row-3\">\n\t<td class=\"column-1\"><strong>Terra Alta: Dardell \u2013 Garnatxa &amp; Viognier<\/strong> \t\t\t\t\t\t\t\t\t<br \/>\n<em>In de neus een intense geur van fruit en bloemen, in de mond vol en fris. <br \/>\nDe mooie harmonie tussen de Garnaxta en Viognier geeft een zacht, frisse wijn<br \/>\nmet goed uitgebalanceerde zuren.<\/em><\/td><td class=\"column-2\">8,50 (glas)<br \/>\n45,00 (fles)<\/td>\n<\/tr>\n<tr class=\"row-4\">\n\t<td class=\"column-1\"><strong>Cari\u00f1ena: Ni\u00f1o Mimado \u2013 Chardonnay (Fermentado en barrica) <\/strong><br \/>\n<em>Een \u00e9chte Chardonnay, vol sap van rijp fruit met subtiele houttonen. In de <br \/>\nafdronk aantrekkelijke zuren die de wijn knisperend en fris houdt<\/em><br \/>\n<\/td><td class=\"column-2\">10,00 (glas)<br \/>\n55,00 (fles)<\/td>\n<\/tr>\n<tr class=\"row-5\">\n\t<td class=\"column-1\"><strong>Rueda: Azumbre \u2013 Sauvignon Blanc<\/strong><br \/>\n<em>Uitgesproken fruitige aroma\u2019s van passievrucht en ananas. De wijn heeft <br \/>\neen volle smaak en is prachtig in evenwicht met fijne zuren. Plezierig vettig <br \/>\nmet een lange afdronk<\/em>\t<br \/>\n<\/td><td class=\"column-2\">41,00 (fles)<\/td>\n<\/tr>\n<tr class=\"row-6\">\n\t<td class=\"column-1\"><strong>Pa\u00eds Vasco: Getariako Txakolina \u2013 Hondaribbi Zuri<\/strong><br \/>\n<em>Uitbundig verfrissend, wit fruit met een zeer fijne zuurgraad en een h\u00e9\u00e9l lichte koolzuurpareling die deze wijn de extra finesse geeft. De wijn schenk je in van grote hoogte zodat de wijn wat schuimt, h\u00e9t kenmerk van een goede Txakoli <\/em><\/td><td class=\"column-2\">45,00 (fles)<\/td>\n<\/tr>\n<tr class=\"row-7\">\n\t<td class=\"column-1\"><strong>R\u00edas Baixas: Terras Gauda \u2013 Albari\u00f1o<\/strong><br \/>\n<em>R\u00edas Baixas is de Noordwestelijke streek van Spanje. De Albari\u00f1o is een druif die ziltige, ronde en frisse wijnen voorbrengt. Deze bodega staat garant voor \u00e9\u00e9n van de topwijnen uit Spanje. Een klassieker<\/em><\/td><td class=\"column-2\">55,00 (fles)<\/td>\n<\/tr>\n<tr class=\"row-8\">\n\t<td class=\"column-1\"><strong>Somontano: Enate \u2013 Chardonnay\t(Fermentado en barrica)<\/strong><br \/>\n<em>Chardonnay aangevuld met frisse, fruitige tonen en een prachtige, diepgele kleur. Jong met een vol, romig mondgevoel en een lange, evenwichtige finale. Een heule strakke wijn, is er nog iets beters?  <\/em><\/td><td class=\"column-2\">65,00 (fles)<\/td>\n<\/tr>\n<\/tbody>\n<\/table>\n<!-- #tablepress-24 from cache --><\/div>[\/vc_column][vc_column width=&#8221;1\/2&#8243; css=&#8221;.vc_custom_1496048323362{padding-top: 30px !important;}&#8221;]<style>.vcex-heading.vcex_69eeeba260099{font-size:25px;}<\/style><h3 class=\"vcex-heading vcex-heading-plain vcex-module wpex-heading wpex-text-2xl vcex_69eeeba260099\"><span class=\"vcex-heading-inner wpex-inline-block\">Tinto<\/span><\/h3><div class=\"vcex-shortcode wpex-clr\">\n<table id=\"tablepress-25\" class=\"tablepress tablepress-id-25\">\n<tbody>\n<tr class=\"row-1\">\n\t<td class=\"column-1\"><strong>Rioja: Ondal\u00e1n \u2013 Tempranillo<\/strong><br \/>\n<em>Fijn en helder, kersenkleurige wijn, aantrekkelijk in de neus. De smaak is <br \/>\nvol van rood fruit en heeft ronde tannines in de afdronk <\/em><br \/>\n<\/td><td class=\"column-2\">6,75 (glas)<br \/>\n37,00 (fles)<\/td>\n<\/tr>\n<tr class=\"row-2\">\n\t<td class=\"column-1\"><strong>Rioja: Vi\u00f1a Egu\u00eda Crianza \u2013 Tempranillo<\/strong><br \/>\n<em>Krachtig, rijp en complex met fruit met milde tannines en opwekkende zuren. <br \/>\nDeze Crianza heeft 12 maanden genoten van rijping op houten vaten<\/em> <br \/>\n<\/td><td class=\"column-2\">7,25 (glas)<br \/>\n39,50 (fles)<\/td>\n<\/tr>\n<tr class=\"row-3\">\n\t<td class=\"column-1\"><strong>Bierzo: Petit Pittacum \u2013 Mencia<\/strong> \t\t\t\t\t\t\t\t\t<br \/>\n<em>Een pareltje. Boordevol rijp, zwart fruit met een fijne kruidige ondertoon. De drie maanden houtrijping geeft deze wijn een mooie, elegante structuur. Wauwie <\/em><\/td><td class=\"column-2\">8,75 (glas)<br \/>\n47,50 (fles)<\/td>\n<\/tr>\n<tr class=\"row-4\">\n\t<td class=\"column-1\"><strong>Toro: Coral Duero \u2013 Tinta de Toro <\/strong><br \/>\n<em>Een complexe, uitgebalanceerde wijn met rond sappige tannines en een lange,<br \/>\nzijden afdronk. De wijnstokken van ruim 100 jaar oud, het woeste klimaat en<br \/>\nde ondergrond zorgen voor een optimale kwaliteit van deze Toro. Met een<br \/>\nintens diep donkere neus van rijpe bosbessen en bramen<\/em><br \/>\n<\/td><td class=\"column-2\">9,25 (glas)<br \/>\n49,50 (fles)<\/td>\n<\/tr>\n<tr class=\"row-5\">\n\t<td class=\"column-1\"><strong>Ribera del Duero: Fuentespina Roble 7 - Tempranillo<\/strong><br \/>\n<em>Een ware charmeur van een wijn. Rijp, donker fruit, subtiel en aangenaam van smaak. Met z\u2019n  7 maanden hout is deze wijn uitstekend in balans. De afdronk is lang, doch verfrissend <\/em>\t<br \/>\n<\/td><td class=\"column-2\">10,00 (glas)<br \/>\n55,00 (fles)<\/td>\n<\/tr>\n<tr class=\"row-6\">\n\t<td class=\"column-1\"><strong>Rioja: Ondal\u00e1n Reserva \u2013 Tempranillo<\/strong><br \/>\n<em>wierook en tabak los. 24 maanden op Frans en Amerikaans eikenhout, een zeer elegante en tegelijk complexe Rioja <\/em><\/td><td class=\"column-2\">65,00 (fles)<\/td>\n<\/tr>\n<tr class=\"row-7\">\n\t<td class=\"column-1\"><strong>Ribera del Duero: Bodegas T\u00e1bula \u2013 100% Tempranillo<\/strong><br \/>\n<em>Dit is Spanje op z\u2019n best. Grootse wijn met een lange afdronk, kruidig, krachtig, complex. Unieke wijn, met een beperkte oplage uit het culinaire hart van de Ribera del Duero. Alleen voor liefhebbers<\/em><\/td><td class=\"column-2\">90,00 (fles)<\/td>\n<\/tr>\n<\/tbody>\n<\/table>\n<!-- #tablepress-25 from cache --><\/div><style>.vcex-heading.vcex_69eeeba26111e{font-size:25px;}<\/style><h3 class=\"vcex-heading vcex-heading-plain vcex-module wpex-heading wpex-text-2xl vcex_69eeeba26111e\"><span class=\"vcex-heading-inner wpex-inline-block\">Rosado<\/span><\/h3><div class=\"vcex-shortcode wpex-clr\">\n<table id=\"tablepress-26\" class=\"tablepress tablepress-id-26\">\n<tbody>\n<tr class=\"row-1\">\n\t<td class=\"column-1\"><strong>Campo de Borja: Chispas \u2013 Garnacha<\/strong><br \/>\n<em>Een mooie, evenwichtige easy doordrinker. De kleur is schitterend roze,<br \/>\naangenaam fruitig (wilde bessen) en lekker fris van smaak<\/em>\t<br \/>\n<\/td><td class=\"column-2\">6,25 (glas)<br \/>\n33,50 (fles)<\/td>\n<\/tr>\n<\/tbody>\n<\/table>\n<!-- #tablepress-26 from cache --><\/div><style>.vcex-heading.vcex_69eeeba2621a4{font-size:25px;}<\/style><h3 class=\"vcex-heading vcex-heading-plain vcex-module wpex-heading wpex-text-2xl vcex_69eeeba2621a4\"><span class=\"vcex-heading-inner wpex-inline-block\">Vinos de postre<\/span><\/h3><div class=\"vcex-shortcode wpex-clr\">\n<table id=\"tablepress-27\" class=\"tablepress tablepress-id-27\">\n<tbody>\n<tr class=\"row-1\">\n\t<td class=\"column-1\"><strong>Toro Albal\u00e1 1990 PX Sherry<\/strong><br \/>\n<em>De kleine Pedro Xim\u00e9nez druifjes zijn 25 jaar gerijpt op houten fusten.<br \/>\nHet lijkt bijna een vloeibaar nectar en smaakt fantastisch bij een pittig<br \/>\nkaasplankje of bijvoorbeeld chocolade<\/em>\t<br \/>\n<\/td><td class=\"column-2\">10,50<\/td>\n<\/tr>\n<tr class=\"row-2\">\n\t<td class=\"column-1\"><strong>MR M\u00e1laga Moscato<\/strong><br \/>\n<em>Witte dessertwijn op z\u2019n best. Geur van citrus, tropisch fruit en acaciahoning. In de mond prachtige zuren, die de wijn spannend houden. Met zijn zeer lange afdronk is de MR wellicht de mooiste muscaatwijn van Spanje. Z\u00f3 lekker bij vanille<\/em>\t<br \/>\n<\/td><td class=\"column-2\">9,50<\/td>\n<\/tr>\n<tr class=\"row-3\">\n\t<td class=\"column-1\"><strong>Niepoort 10 Years Old Tawny Port<\/strong> \t\t\t\t\t\t\t\t\t<br \/>\n<em>Heerlijke aroma\u2019s van sinaasappel- en citroenschil, met tonen van toffee,<br \/>\ncaramel en honing. Fullbodied en verleidend, met veel zoet fruit en een <br \/>\nlange subtiele afdronk die maar door gaat en door gaat en door gaat en \u2026<br \/>\n<\/em>\t\t<br \/>\n<\/td><td class=\"column-2\">10,00<\/td>\n<\/tr>\n<\/tbody>\n<\/table>\n<!-- #tablepress-27 from cache --><\/div><style>.vcex-heading.vcex_69eeeba2632df{font-size:25px;}<\/style><h3 class=\"vcex-heading vcex-heading-plain vcex-module wpex-heading wpex-text-2xl vcex_69eeeba2632df\"><span class=\"vcex-heading-inner wpex-inline-block\">Agua Mineral<\/span><\/h3><div class=\"vcex-shortcode wpex-clr\">\n<table id=\"tablepress-28\" class=\"tablepress tablepress-id-28\">\n<tbody>\n<tr class=\"row-1\">\n\t<td class=\"column-1\"><strong>San Pellegrino <\/strong><br \/>\n<em>Natuurlijk licht bruisend mineraalwater \/ 75 cl<\/em>\t<br \/>\n<\/td><td class=\"column-2\">7,25 (fles)<\/td>\n<\/tr>\n<tr class=\"row-2\">\n\t<td class=\"column-1\"><strong>Acqua Panna<\/strong><br \/>\n<em>Natuurlijk koolzuurvrij mineraalwater \/ 75 cl<\/em>\t<br \/>\n<\/td><td class=\"column-2\">7,25 (fles)<\/td>\n<\/tr>\n<\/tbody>\n<\/table>\n<!-- #tablepress-28 from cache --><\/div>[\/vc_column][\/vc_row][vc_row full_width=&#8221;stretch_row&#8221; wpex_bg_overlay=&#8221;color&#8221; css=&#8221;.vc_custom_1490275952734{background-image: url(https:\/\/laoliva.nl\/wp-content\/uploads\/2017\/01\/3769-laoliva.jpg?id=483) !important;}&#8221; el_class=&#8221;bg-fixed&#8221; min_height=&#8221;350px&#8221; wpex_bg_overlay_color=&#8221;#000000&#8243; wpex_bg_overlay_opacity=&#8221;0.55&#8243;][vc_column][vc_row_inner css=&#8221;.vc_custom_1486045995120{padding-top: 30px !important;}&#8221;][vc_column_inner width=&#8221;1\/6&#8243;][\/vc_column_inner][vc_column_inner el_class=&#8221;reserveren-background&#8221; width=&#8221;2\/3&#8243; css=&#8221;.vc_custom_1486021544773{padding-top: 20px !important;padding-right: 40px !important;padding-bottom: 50px !important;padding-left: 40px !important;border-radius: 10px !important;}&#8221;][vc_column_text css=&#8221;.vc_custom_1492685902767{padding-bottom: 25px !important;}&#8221; text_align=&#8221;center&#8221; font_weight=&#8221;200&#8243; color=&#8221;#f4f4f4&#8243; font_family=&#8221;Roboto&#8221;]\n<h5>Reservaciones<\/h5>\n[\/vc_column_text][vc_column_text css=&#8221;.vc_custom_1492685891155{padding-bottom: 45px !important;}&#8221; font_size=&#8221;20px&#8221; color=&#8221;#f4f4f4&#8243;]\n<p style=\"text-align: center;\">Recomendamos encarecidamente reservar su mesa en el restaurante La Oliva. Al recibir su reserva, consideramos su llegada y le daremos la bienvenida con una mesa de cena pulcramente colocada.<\/p>\n[\/vc_column_text]<div class=\"theme-button-wrap textcenter wpex-clr\"><a href=\"\/es\/reserva\/\" class=\"vcex-button theme-button medium align-center inline\" style=\"border-radius:5px;\"><span class=\"vcex-button-inner theme-button-inner\">Reservaci\u00f3n en l\u00ednea<\/span><\/a><\/div> [\/vc_column_inner][vc_column_inner width=&#8221;1\/6&#8243;][\/vc_column_inner][\/vc_row_inner][\/vc_column][\/vc_row]\n<\/div>","protected":false},"excerpt":{"rendered":"<p>[vc_row full_width=&#8221;stretch_row&#8221; full_height=&#8221;yes&#8221; el_class=&#8221;bg-fixed&#8221; css=&#8221;.vc_custom_1490275945019{background-image: url(https:\/\/laoliva.nl\/wp-content\/uploads\/2017\/01\/3591-laoliva.jpg?id=486) !important;}&#8221;][vc_column][\/vc_column][\/vc_row][vc_row local_scroll_id=&#8221;contentarrow&#8221;][vc_column width=&#8221;1\/2&#8243;][vc_single_image image=&#8221;681&#8243; img_size=&#8221;560&#215;370&#8243;][\/vc_column][vc_column width=&#8221;1\/2&#8243;][vc_column_text] Los vinos de La Oliva En La Oliva no solo nos preocupamos de la calidad de nuestros productos, sino tambien de la historia interesante que hay detras de nuestra oferta. De como hemos hecho nuestra carta de vinos visitando diferentes bodegas y probando&hellip;<\/p>\n","protected":false},"author":1,"featured_media":0,"parent":0,"menu_order":0,"comment_status":"closed","ping_status":"closed","template":"","meta":{"footnotes":""},"class_list":["post-1082","page","type-page","status-publish","hentry","entry","no-media"],"_links":{"self":[{"href":"https:\/\/laoliva.nl\/es\/wp-json\/wp\/v2\/pages\/1082","targetHints":{"allow":["GET"]}}],"collection":[{"href":"https:\/\/laoliva.nl\/es\/wp-json\/wp\/v2\/pages"}],"about":[{"href":"https:\/\/laoliva.nl\/es\/wp-json\/wp\/v2\/types\/page"}],"author":[{"embeddable":true,"href":"https:\/\/laoliva.nl\/es\/wp-json\/wp\/v2\/users\/1"}],"replies":[{"embeddable":true,"href":"https:\/\/laoliva.nl\/es\/wp-json\/wp\/v2\/comments?post=1082"}],"version-history":[{"count":6,"href":"https:\/\/laoliva.nl\/es\/wp-json\/wp\/v2\/pages\/1082\/revisions"}],"predecessor-version":[{"id":3705,"href":"https:\/\/laoliva.nl\/es\/wp-json\/wp\/v2\/pages\/1082\/revisions\/3705"}],"wp:attachment":[{"href":"https:\/\/laoliva.nl\/es\/wp-json\/wp\/v2\/media?parent=1082"}],"curies":[{"name":"wp","href":"https:\/\/api.w.org\/{rel}","templated":true}]}}