{"id":2077,"date":"2018-11-01T16:32:18","date_gmt":"2018-11-01T15:32:18","guid":{"rendered":"http:\/\/laoliva.nl\/?page_id=2077"},"modified":"2024-02-21T11:41:56","modified_gmt":"2024-02-21T10:41:56","slug":"grupos","status":"publish","type":"page","link":"https:\/\/laoliva.nl\/es\/grupos\/","title":{"rendered":"Grupos"},"content":{"rendered":"<div class=\"wpb-content-wrapper\">[vc_row full_width=&#8221;stretch_row&#8221; full_height=&#8221;yes&#8221; el_class=&#8221;bg-fixed&#8221; css=&#8221;.vc_custom_1490712835191{background-image: url(https:\/\/laoliva.nl\/wp-content\/uploads\/2017\/01\/3566-laoliva-1.jpg?id=499) !important;}&#8221;][vc_column]<div class=\"vcex-shortcode wpex-clr\"><a class=\"local-scroll\" href=\"#contentarrow\"><div id=\"ep-arrow\"><div id=\"temp-id\"  style=\"font-size:50px; color: #989000; animation-duration:1.5s; margin-left: -25px; \" data-duration_time=\"10000\" data-scrolling=\"true\" data-disable_duration=\"false\" data-disable_bouncing=\"false\" class=\"echo-content-down-arrow epda-icon-arrow-sharp temp-class bounce-effect-3 \"><\/div><\/div><\/a><\/div>[\/vc_column][\/vc_row][vc_row css=&#8221;.vc_custom_1541175106388{padding-top: 40px !important;}&#8221;][vc_column][vc_column_text]\u00bfComer\u00e1s con un grupo de 8 o m\u00e1s personas? Vea aqu\u00ed las opciones de men\u00fa (en consulta con el restaurante).[\/vc_column_text][vc_empty_space][vc_row_inner][vc_column_inner width=&#8221;1\/2&#8243;]<style>.vcex-heading.vcex_69e0d41ce35d3{width:100%;font-size:25px;}<\/style><h3 class=\"vcex-heading vcex-heading-plain vcex-module wpex-heading wpex-text-2xl wpex-max-w-100 wpex-mx-auto titel-breed vcex_69e0d41ce35d3\"><span class=\"vcex-heading-inner wpex-inline-block\"><div class=\"price-left\">Lunch menu 1 <\/div><div class=\"price-right\">\u20ac 31,- p.p.<\/div><\/span><\/h3>[vc_column_text]2 pinxtos each with:<\/p>\n<ul>\n<li>Fish<\/li>\n<li>Meat<\/li>\n<li>Vegetarian<\/li>\n<\/ul>\n<p>Warm and cold mixed, the chef&#8217;s choice<\/p>\n<p>Then lunch dishes (to share):<\/p>\n<ul>\n<li>Salade Manchego<\/li>\n<li>Different kind of homemade tortilla\u2019s (Spanish omelet)<\/li>\n<li>Gamba\u2019s a la plancha<\/li>\n<\/ul>\n<p>The above is served with bread and olive oil[\/vc_column_text][\/vc_column_inner][vc_column_inner width=&#8221;1\/2&#8243;]<style>.vcex-heading.vcex_69e0d41ce45d0{width:100%;font-size:25px;}<\/style><h3 class=\"vcex-heading vcex-heading-plain vcex-module wpex-heading wpex-text-2xl wpex-max-w-100 wpex-mx-auto titel-breed vcex_69e0d41ce45d0\"><span class=\"vcex-heading-inner wpex-inline-block\"><div class=\"price-left\">Lunch menu 2 <\/div><div class=\"price-right\">\u20ac 37,- p.p.<\/div><\/span><\/h3>[vc_column_text]2 pinxtos each with:<\/p>\n<ul>\n<li>Fish<\/li>\n<li>Meat and<\/li>\n<li>Vegetarian<\/li>\n<\/ul>\n<p>Warm and cold mixed, the chef&#8217;s choice<\/p>\n<p>Then lunch dishes (to share):<\/p>\n<ul>\n<li>Salad Manchego<\/li>\n<li>Selection of homemade tortilla&#8217;s (spanish omelet)<\/li>\n<li>Gamba\u2019s a la plancha<\/li>\n<\/ul>\n<p>The above is served with bread and olive oil<\/p>\n<p>Finally, a few desserts (to share)[\/vc_column_text][\/vc_column_inner][\/vc_row_inner][\/vc_column][\/vc_row][vc_row css=&#8221;.vc_custom_1541084409317{padding-top: 30px !important;}&#8221;][vc_column width=&#8221;1\/2&#8243;]<style>.vcex-heading.vcex_69e0d41ce4c9e{width:100%;font-size:25px;}<\/style><h3 class=\"vcex-heading vcex-heading-plain vcex-module wpex-heading wpex-text-2xl wpex-max-w-100 wpex-mx-auto titel-breed vcex_69e0d41ce4c9e\"><span class=\"vcex-heading-inner wpex-inline-block\"><div class=\"price-left\">Diner menu 1 <\/div><div class=\"price-right\">\u20ac 48,50 p.p.<\/div><\/span><\/h3>[vc_column_text]2 pintxos each with:<\/p>\n<ul>\n<li>Fish<\/li>\n<li>Meat<\/li>\n<li>Vegetarian<\/li>\n<\/ul>\n<p>Warm and cold mixed, the chef&#8217;s choice<\/p>\n<p>Then a selection of our starters (to share):<\/p>\n<ul>\n<li>Salad with caramelized onion, green asparagus and avocado<\/li>\n<li>Pata Negra ham with pear flamb\u00e9ed in Modena<\/li>\n<li>Brochette of fresh tuna and Foie Royale &#8211; duck liver (animal friendly!) with PX<\/li>\n<li>Grilled octopus with black garlic, spinach and citrus<\/li>\n<\/ul>\n<p>Served with bread and olive oil<\/p>\n<p>Finally, a selection of our homemade desserts (to share):<\/p>\n<ul>\n<li>Tarta &#8220;de la Abuela&#8221; Chocolate cake<\/li>\n<li>Panna cotta<\/li>\n<\/ul>\n[\/vc_column_text][\/vc_column][vc_column width=&#8221;1\/2&#8243;]<style>.vcex-heading.vcex_69e0d41ce530d{width:100%;font-size:25px;}<\/style><h3 class=\"vcex-heading vcex-heading-plain vcex-module wpex-heading wpex-text-2xl wpex-max-w-100 wpex-mx-auto titel-breed vcex_69e0d41ce530d\"><span class=\"vcex-heading-inner wpex-inline-block\"><div class=\"price-left\">Diner menu 2 <\/div><div class=\"price-right\">\u20ac 52,50 p.p.<\/div><\/span><\/h3>[vc_column_text]Two pintxos each with:<\/p>\n<ul>\n<li>Fish<\/li>\n<li>Meat and<\/li>\n<li>Vegetarian<\/li>\n<\/ul>\n<p>Warm and cold mixed, the chef\u2019s choice<\/p>\n<p>After this a main course:<\/p>\n<ul>\n<li>Bacalao a la Bizkaina con ajo gratinado, Cod with garlic mousseline and sweet pepper<br \/>\nsauce<br \/>\n<strong>or<\/strong><\/li>\n<li>Tournedos of Dutch beef with a blue cheese sauce and mushrooms<\/li>\n<\/ul>\n<p>Finally, a selection of our homemade desserts (to share):<\/p>\n<ul>\n<li style=\"list-style-type: none;\">\n<ul>\n<li>Tarta \u201cde la abuela\u201d chocolate cake<\/li>\n<li>Panna cotta<\/li>\n<\/ul>\n<\/li>\n<\/ul>\n[\/vc_column_text][\/vc_column][\/vc_row][vc_row full_width=&#8221;stretch_row&#8221; wpex_bg_overlay=&#8221;color&#8221; css=&#8221;.vc_custom_1490712854511{background-image: url(https:\/\/laoliva.nl\/wp-content\/uploads\/2017\/01\/3539-laoliva.jpg?id=471) !important;}&#8221; el_class=&#8221;bg-fixed&#8221; min_height=&#8221;350px&#8221; wpex_bg_overlay_color=&#8221;#000000&#8243; wpex_bg_overlay_opacity=&#8221;0.55&#8243;][vc_column][vc_row_inner css=&#8221;.vc_custom_1486045995120{padding-top: 30px !important;}&#8221;][vc_column_inner width=&#8221;1\/6&#8243;][\/vc_column_inner][vc_column_inner el_class=&#8221;reserveren-background&#8221; width=&#8221;2\/3&#8243; css=&#8221;.vc_custom_1486021544773{padding-top: 20px !important;padding-right: 40px !important;padding-bottom: 50px !important;padding-left: 40px !important;border-radius: 10px !important;}&#8221;][vc_column_text text_align=&#8221;center&#8221; font_weight=&#8221;200&#8243; css=&#8221;.vc_custom_1541086384839{padding-bottom: 25px !important;}&#8221; color=&#8221;#f4f4f4&#8243; font_family=&#8221;Roboto&#8221;]\n<h5>Reservaciones<\/h5>\n[\/vc_column_text][vc_column_text css=&#8221;.vc_custom_1541086395502{padding-bottom: 45px !important;}&#8221; font_size=&#8221;20px&#8221; color=&#8221;#f4f4f4&#8243;]\n<p style=\"text-align: center;\">Recomendamos encarecidamente reservar su mesa en el restaurante La Oliva. Al recibir su reserva, consideramos su llegada y le daremos la bienvenida con una mesa de cena pulcramente colocada.<\/p>\n[\/vc_column_text]<div class=\"theme-button-wrap textcenter wpex-clr\"><a href=\"\/es\/reserva\/\" class=\"vcex-button theme-button medium align-center inline\" style=\"border-radius:5px;\"><span class=\"vcex-button-inner theme-button-inner\">Reservaci\u00f3n en l\u00ednea<\/span><\/a><\/div> [\/vc_column_inner][vc_column_inner width=&#8221;1\/6&#8243;][\/vc_column_inner][\/vc_row_inner][\/vc_column][\/vc_row]\n<\/div>","protected":false},"excerpt":{"rendered":"<p>[vc_row full_width=&#8221;stretch_row&#8221; full_height=&#8221;yes&#8221; el_class=&#8221;bg-fixed&#8221; css=&#8221;.vc_custom_1490712835191{background-image: url(https:\/\/laoliva.nl\/wp-content\/uploads\/2017\/01\/3566-laoliva-1.jpg?id=499) !important;}&#8221;][vc_column][\/vc_column][\/vc_row][vc_row css=&#8221;.vc_custom_1541175106388{padding-top: 40px !important;}&#8221;][vc_column][vc_column_text]\u00bfComer\u00e1s con un grupo de 8 o m\u00e1s personas? Vea aqu\u00ed las opciones de men\u00fa (en consulta con el restaurante).[\/vc_column_text][vc_empty_space][vc_row_inner][vc_column_inner width=&#8221;1\/2&#8243;][vc_column_text]2 pinxtos each with: Fish Meat Vegetarian Warm and cold mixed, the chef&#8217;s choice Then lunch dishes (to share): Salade Manchego Different kind of homemade tortilla\u2019s&hellip;<\/p>\n","protected":false},"author":1,"featured_media":0,"parent":0,"menu_order":0,"comment_status":"closed","ping_status":"closed","template":"","meta":{"footnotes":""},"class_list":["post-2077","page","type-page","status-publish","hentry","entry","no-media"],"_links":{"self":[{"href":"https:\/\/laoliva.nl\/es\/wp-json\/wp\/v2\/pages\/2077","targetHints":{"allow":["GET"]}}],"collection":[{"href":"https:\/\/laoliva.nl\/es\/wp-json\/wp\/v2\/pages"}],"about":[{"href":"https:\/\/laoliva.nl\/es\/wp-json\/wp\/v2\/types\/page"}],"author":[{"embeddable":true,"href":"https:\/\/laoliva.nl\/es\/wp-json\/wp\/v2\/users\/1"}],"replies":[{"embeddable":true,"href":"https:\/\/laoliva.nl\/es\/wp-json\/wp\/v2\/comments?post=2077"}],"version-history":[{"count":5,"href":"https:\/\/laoliva.nl\/es\/wp-json\/wp\/v2\/pages\/2077\/revisions"}],"predecessor-version":[{"id":3503,"href":"https:\/\/laoliva.nl\/es\/wp-json\/wp\/v2\/pages\/2077\/revisions\/3503"}],"wp:attachment":[{"href":"https:\/\/laoliva.nl\/es\/wp-json\/wp\/v2\/media?parent=2077"}],"curies":[{"name":"wp","href":"https:\/\/api.w.org\/{rel}","templated":true}]}}