{"id":277,"date":"2017-01-30T13:21:08","date_gmt":"2017-01-30T13:21:08","guid":{"rendered":"http:\/\/laoliva.nl\/?page_id=277\/"},"modified":"2019-11-26T09:56:41","modified_gmt":"2019-11-26T08:56:41","slug":"home","status":"publish","type":"page","link":"https:\/\/laoliva.nl\/es\/","title":{"rendered":"Bienvenodis"},"content":{"rendered":"<div class=\"wpb-content-wrapper\">[vc_row full_width=&#8221;stretch_row_content_no_spaces&#8221; full_height=&#8221;yes&#8221; tablet_fullwidth_cols=&#8221;yes&#8221; el_class=&#8221;bg-fixed&#8221; css=&#8221;.vc_custom_1490275619499{background-image: url(https:\/\/laoliva.nl\/wp-content\/uploads\/2017\/01\/3607-laoliva.jpg?id=474) !important;background-position: center !important;background-repeat: no-repeat !important;background-size: cover !important;}&#8221;][vc_column]<div class=\"vcex-shortcode wpex-clr\"><a class=\"local-scroll\" href=\"#contentarrow\"><div id=\"ep-arrow\"><div id=\"temp-id\"  style=\"font-size:50px; color: #989000; animation-duration:1.5s; margin-left: -25px; \" data-duration_time=\"10000\" data-scrolling=\"true\" data-disable_duration=\"false\" data-disable_bouncing=\"false\" class=\"echo-content-down-arrow epda-icon-arrow-sharp temp-class bounce-effect-3 \"><\/div><\/div><\/a><\/div>[\/vc_column][\/vc_row][vc_row full_width=&#8221;stretch_row&#8221; css=&#8221;.vc_custom_1490265500153{padding-top: 70px !important;background-position: 0 0 !important;background-repeat: no-repeat !important;}&#8221; local_scroll_id=&#8221;contentarrow&#8221;][vc_column][vc_row_inner][vc_column_inner width=&#8221;1\/2&#8243;][vc_single_image image=&#8221;482&#8243; img_size=&#8221;550&#215;325&#8243; css=&#8221;.vc_custom_1490210021270{padding-top: 10px !important;}&#8221;][\/vc_column_inner][vc_column_inner width=&#8221;1\/2&#8243;][vc_column_text]\n<h1 style=\"text-align: left;\">Restaurante La Oliva Cocina Cantabria-Vasca<\/h1>\n<p>La Oliva tiene la mezcla perfecta de ingredientes para asegurar una maravillosa velada gastron\u00f3mica, como vivir la vida loca Espa\u00f1ola. Pintxos y deliciosos platos de la cocina espa\u00f1ola del norte son la base verdadera de un concepto culinario \u00fanico en el coraz\u00f3n del distrito de Jordaan, un concepto que colorear\u00e1 su noche con una amplia gama de maravillosos vinos espa\u00f1oles y que se siente fuertemente la hospitalidad y enfoque personal. Las Oliva levanta su d\u00eda con deliciosos pintxos y platos de almuerzo espa\u00f1ol. Yvette Barents y el chef Alfredo Hoz Castillo ofrecen a sus hu\u00e9spedes una c\u00e1lida bienvenida![\/vc_column_text][\/vc_column_inner][\/vc_row_inner][\/vc_column][\/vc_row][vc_row full_width=&#8221;stretch_row&#8221; wpex_bg_overlay=&#8221;color&#8221; css=&#8221;.vc_custom_1490275657713{background-image: url(https:\/\/laoliva.nl\/wp-content\/uploads\/2017\/01\/3699-laoliva-1.jpg?id=504) !important;}&#8221; el_class=&#8221;bg-fixed&#8221; min_height=&#8221;350px&#8221; wpex_bg_overlay_color=&#8221;#000000&#8243; wpex_bg_overlay_opacity=&#8221;0.35&#8243;][vc_column][vc_row_inner css=&#8221;.vc_custom_1486045995120{padding-top: 30px !important;}&#8221;][vc_column_inner width=&#8221;1\/6&#8243;][\/vc_column_inner][vc_column_inner el_class=&#8221;reserveren-background&#8221; width=&#8221;2\/3&#8243; css=&#8221;.vc_custom_1486021544773{padding-top: 20px !important;padding-right: 40px !important;padding-bottom: 50px !important;padding-left: 40px !important;border-radius: 10px !important;}&#8221;][vc_column_text text_align=&#8221;center&#8221; font_weight=&#8221;200&#8243; css=&#8221;.vc_custom_1493632313228{padding-bottom: 25px !important;}&#8221; color=&#8221;#f4f4f4&#8243; font_family=&#8221;Roboto&#8221;]\n<h5>Reservaciones<\/h5>\n[\/vc_column_text][vc_column_text responsive_text=&#8221;true&#8221; css=&#8221;.vc_custom_1493632325010{padding-bottom: 45px !important;}&#8221; color=&#8221;#f4f4f4&#8243;]\n<p style=\"text-align: center;\">Recomendamos encarecidamente reservar su mesa en el restaurante La Oliva. Al recibir su reserva, consideramos su llegada y le daremos la bienvenida con una mesa de cena pulcramente colocada.<\/p>\n[\/vc_column_text]<div class=\"theme-button-wrap textcenter wpex-clr\"><a href=\"\/es\/reserva\/\" class=\"vcex-button theme-button medium align-center inline\" style=\"color:#ffffff;border-radius:5px;\" data-wpex-hover='{&quot;color&quot;:&quot;#ffffff&quot;}'><span class=\"vcex-button-inner theme-button-inner\">Reservaci\u00f3n en l\u00ednea.<\/span><\/a><\/div> [\/vc_column_inner][vc_column_inner width=&#8221;1\/6&#8243;][\/vc_column_inner][\/vc_row_inner][\/vc_column][\/vc_row][vc_row full_width=&#8221;stretch_row&#8221; css=&#8221;.vc_custom_1527760063669{padding-top: 70px !important;}&#8221;][vc_column][vc_row_inner][vc_column_inner width=&#8221;1\/3&#8243;][vc_single_image image=&#8221;480&#8243; img_size=&#8221;large&#8221; alignment=&#8221;center&#8221; onclick=&#8221;custom_link&#8221; link=&#8221;\/es\/almuerzo\/&#8221;][vc_column_text]\n<h3><a href=\"\/es\/almuerzo\/\">Almuerzo<\/a><\/h3>\n[\/vc_column_text][vc_column_text css=&#8221;.vc_custom_1493632411609{padding-top: 15px !important;}&#8221;]A partir de ahora, cada d\u00eda pintxos a las 12 y un men\u00fa de almuerzo completamente nuevo que ofrece una buena variedad de platos de almuerzo. Entre otros le damos la bienvenida con tortillas y sopas caseras, ensalada de pulpo, pata negra y mucho m\u00e1s &#8230;[\/vc_column_text][\/vc_column_inner][vc_column_inner width=&#8221;1\/3&#8243;][vc_single_image image=&#8221;500&#8243; img_size=&#8221;large&#8221; alignment=&#8221;center&#8221; onclick=&#8221;custom_link&#8221; link=&#8221;\/es\/diner\/&#8221;][vc_column_text]\n<h3><a href=\"\/es\/diner\/\">Cena<\/a><\/h3>\n[\/vc_column_text][vc_column_text css=&#8221;.vc_custom_1493632521255{padding-top: 15px !important;}&#8221;]A partir de las 18:00 de la noche, nuestra cocina est\u00e1 lista para ofrecerle maravillosas entradas y platos principales de la cocina espa\u00f1ola del norte. Imag\u00ednese por ejemplo una brocheta de at\u00fan fresco con h\u00edgado de pato y una PX (= Pedro Ximinez), un jerez dulce con un sentido y sabor de pasas y ciruelas![\/vc_column_text][\/vc_column_inner][vc_column_inner width=&#8221;1\/3&#8243;][vc_single_image image=&#8221;486&#8243; img_size=&#8221;large&#8221; alignment=&#8221;center&#8221; onclick=&#8221;custom_link&#8221; link=&#8221;\/es\/vinos\/&#8221;][vc_column_text]\n<h3><a href=\"\/es\/vinos\/\">Vinos<\/a><\/h3>\n[\/vc_column_text][vc_column_text css=&#8221;.vc_custom_1493632537186{padding-top: 15px !important;}&#8221;]La Oliva cuenta con una amplia y variada oferta de espl\u00e9ndidos vinos espa\u00f1oles de diversas regiones espa\u00f1olas. Todos nuestros vinos han sido seleccionados con el m\u00e1ximo cuidado. Permiti\u00e9ndonos ofrecerle algunos vinos muy exclusivos.[\/vc_column_text][\/vc_column_inner][\/vc_row_inner][\/vc_column][\/vc_row][vc_row full_width=&#8221;stretch_row&#8221; wpex_bg_overlay=&#8221;color&#8221; css=&#8221;.vc_custom_1490275665033{padding-top: 50px !important;background-image: url(https:\/\/laoliva.nl\/wp-content\/uploads\/2017\/01\/3584-laoliva.jpg?id=495) !important;}&#8221; el_class=&#8221;bg-fixed&#8221; min_height=&#8221;420px&#8221; wpex_bg_overlay_color=&#8221;#000000&#8243; wpex_bg_overlay_opacity=&#8221;0.35&#8243;][vc_column][vc_row_inner css=&#8221;.vc_custom_1485885127838{padding-top: 50px !important;}&#8221;][vc_column_inner][vc_column_text text_align=&#8221;center&#8221; font_weight=&#8221;200&#8243; color=&#8221;#f4f4f4&#8243; font_family=&#8221;Roboto&#8221;]\n<h5>Vale de Regalo La Oliva<\/h5>\n[\/vc_column_text][\/vc_column_inner][\/vc_row_inner][vc_row_inner][vc_column_inner width=&#8221;1\/6&#8243;][\/vc_column_inner][vc_column_inner width=&#8221;2\/3&#8243; css=&#8221;.vc_custom_1486041564122{margin-top: -15px !important;}&#8221;][vc_column_text css=&#8221;.vc_custom_1493632607661{padding-bottom: 45px !important;}&#8221; font_size=&#8221;22px&#8221; color=&#8221;#f4f4f4&#8243;]\n<p style=\"text-align: center;\">\u00bfBusca una sorpresa agradable y \u00fanica? Un vale regalo de almuerzo o cena del restaurante La Oliva Pintxos Y Vinos le alegrara el d\u00eda!<\/p>\n[\/vc_column_text]<div class=\"theme-button-wrap textcenter wpex-clr\"><a href=\"\/es\/vale-de-regalo\/\" class=\"vcex-button theme-button medium align-center inline\" style=\"border-radius:5px;\"><span class=\"vcex-button-inner theme-button-inner\">Lee mas<\/span><\/a><\/div> [\/vc_column_inner][vc_column_inner width=&#8221;1\/6&#8243;][\/vc_column_inner][\/vc_row_inner][\/vc_column][\/vc_row]\n<\/div>","protected":false},"excerpt":{"rendered":"<p>[vc_row full_width=&#8221;stretch_row_content_no_spaces&#8221; full_height=&#8221;yes&#8221; tablet_fullwidth_cols=&#8221;yes&#8221; el_class=&#8221;bg-fixed&#8221; css=&#8221;.vc_custom_1490275619499{background-image: url(https:\/\/laoliva.nl\/wp-content\/uploads\/2017\/01\/3607-laoliva.jpg?id=474) !important;background-position: center !important;background-repeat: no-repeat !important;background-size: cover !important;}&#8221;][vc_column][\/vc_column][\/vc_row][vc_row full_width=&#8221;stretch_row&#8221; css=&#8221;.vc_custom_1490265500153{padding-top: 70px !important;background-position: 0 0 !important;background-repeat: no-repeat !important;}&#8221; local_scroll_id=&#8221;contentarrow&#8221;][vc_column][vc_row_inner][vc_column_inner width=&#8221;1\/2&#8243;][vc_single_image image=&#8221;482&#8243; img_size=&#8221;550&#215;325&#8243; css=&#8221;.vc_custom_1490210021270{padding-top: 10px !important;}&#8221;][\/vc_column_inner][vc_column_inner width=&#8221;1\/2&#8243;][vc_column_text] Restaurante La Oliva Cocina Cantabria-Vasca La Oliva tiene la mezcla perfecta de ingredientes para asegurar una maravillosa velada gastron\u00f3mica, como vivir la vida loca&hellip;<\/p>\n","protected":false},"author":1,"featured_media":0,"parent":0,"menu_order":0,"comment_status":"closed","ping_status":"closed","template":"","meta":{"footnotes":""},"class_list":["post-277","page","type-page","status-publish","hentry","entry","no-media"],"_links":{"self":[{"href":"https:\/\/laoliva.nl\/es\/wp-json\/wp\/v2\/pages\/277","targetHints":{"allow":["GET"]}}],"collection":[{"href":"https:\/\/laoliva.nl\/es\/wp-json\/wp\/v2\/pages"}],"about":[{"href":"https:\/\/laoliva.nl\/es\/wp-json\/wp\/v2\/types\/page"}],"author":[{"embeddable":true,"href":"https:\/\/laoliva.nl\/es\/wp-json\/wp\/v2\/users\/1"}],"replies":[{"embeddable":true,"href":"https:\/\/laoliva.nl\/es\/wp-json\/wp\/v2\/comments?post=277"}],"version-history":[{"count":5,"href":"https:\/\/laoliva.nl\/es\/wp-json\/wp\/v2\/pages\/277\/revisions"}],"predecessor-version":[{"id":2602,"href":"https:\/\/laoliva.nl\/es\/wp-json\/wp\/v2\/pages\/277\/revisions\/2602"}],"wp:attachment":[{"href":"https:\/\/laoliva.nl\/es\/wp-json\/wp\/v2\/media?parent=277"}],"curies":[{"name":"wp","href":"https:\/\/api.w.org\/{rel}","templated":true}]}}